{"id":1234,"date":"2025-01-20T14:57:25","date_gmt":"2025-01-20T14:57:25","guid":{"rendered":"https:\/\/theme.madsparrow.me\/fanky\/?page_id=1234"},"modified":"2025-12-24T00:41:17","modified_gmt":"2025-12-23T21:41:17","slug":"anasayfa","status":"publish","type":"page","link":"https:\/\/akintutkan.com\/tr\/","title":{"rendered":"Anasayfa"},"content":{"rendered":"<div data-elementor-type=\"wp-page\" data-elementor-id=\"1234\" class=\"elementor elementor-1234\">\n\t\t\t\t<div class=\"elementor-element elementor-element-572d490 e-con-full e-flex no no e-con e-parent\" data-id=\"572d490\" data-element_type=\"container\">\n\t\t<div class=\"elementor-element elementor-element-0848d63 e-con-full e-flex no no e-con e-child\" data-id=\"0848d63\" data-element_type=\"container\">\n\t\t\t\t<div class=\"elementor-element elementor-element-8f09076 elementor-widget elementor-widget-heading\" data-id=\"8f09076\" data-element_type=\"widget\" data-widget_type=\"heading.default\">\n\t\t\t\t\t<h2 class=\"elementor-heading-title elementor-size-default\">Markan\u0131z \u0130\u00e7in H\u0131zl\u0131 Web ve G\u00fc\u00e7l\u00fc Dijital Vitrin<\/h2>\t\t\t\t<\/div>\n\t\t\t\t<\/div>\n\t\t<div class=\"elementor-element elementor-element-566b99a e-con-full e-flex no no e-con e-child\" data-id=\"566b99a\" data-element_type=\"container\">\n\t\t\t\t<\/div>\n\t\t<div class=\"elementor-element elementor-element-8670c1b e-con-full e-flex no no e-con e-child\" data-id=\"8670c1b\" data-element_type=\"container\" data-settings=\"{&quot;position&quot;:&quot;absolute&quot;}\">\n\t\t\t\t<div class=\"elementor-element elementor-element-c71dcc0 elementor-widget elementor-widget-ms_magnetic\" data-id=\"c71dcc0\" data-element_type=\"widget\" data-widget_type=\"ms_magnetic.default\">\n\t\t\t\t<div class=\"elementor-widget-container\">\n\t\t\t\t\t\r\n            <div class=\"magnetic_hero\">\r\n                <div class=\"hero__images\">\r\n                                            <div class=\"hero__image\">\r\n                            <img decoding=\"async\" src=\"https:\/\/akintutkan.com\/wp-content\/uploads\/2025\/12\/Adsiz-tasarim-2025-12-24T004001.675.png\" class=\"magnetic-image\" alt=\"Ads\u0131z tasar\u0131m &#8211; 2025-12-24T004001.675\">\r\n                        <\/div>\r\n                                            <div class=\"hero__image\">\r\n                            <img decoding=\"async\" src=\"https:\/\/akintutkan.com\/wp-content\/uploads\/2025\/12\/it-2.png\" class=\"magnetic-image\" alt=\"it (2)\">\r\n                        <\/div>\r\n                                            <div class=\"hero__image\">\r\n                            <img decoding=\"async\" src=\"https:\/\/akintutkan.com\/wp-content\/uploads\/2025\/12\/it-1.png\" class=\"magnetic-image\" alt=\"it (1)\">\r\n                        <\/div>\r\n                                            <div class=\"hero__image\">\r\n                            <img decoding=\"async\" src=\"https:\/\/akintutkan.com\/wp-content\/uploads\/2025\/12\/it.png\" class=\"magnetic-image\" alt=\"it\">\r\n                        <\/div>\r\n                                            <div class=\"hero__image\">\r\n                            <img decoding=\"async\" src=\"https:\/\/akintutkan.com\/wp-content\/uploads\/2025\/12\/Adsiz-tasarim-2025-12-24T002835.407.png\" class=\"magnetic-image\" alt=\"Ads\u0131z tasar\u0131m &#8211; 2025-12-24T002835.407\">\r\n                        <\/div>\r\n                                    <\/div>\r\n            <\/div>\r\n\r\n    \t\t\t\t<\/div>\n\t\t\t\t<\/div>\n\t\t\t\t<\/div>\n\t\t<div class=\"elementor-element elementor-element-646b542 e-con-full e-flex no no e-con e-child\" data-id=\"646b542\" data-element_type=\"container\">\n\t\t\t\t<div class=\"elementor-element elementor-element-df395b1 elementor-widget elementor-widget-heading\" data-id=\"df395b1\" data-element_type=\"widget\" data-widget_type=\"heading.default\">\n\t\t\t\t\t<p class=\"elementor-heading-title elementor-size-default\">Markan\u0131 dijitalde b\u00fcy\u00fctmek i\u00e7in web, e-ticaret ve i\u00e7erik taraf\u0131n\u0131 birlikte, d\u00fczenli ve s\u00fcrd\u00fcr\u00fclebilir \u015fekilde y\u00f6netiyorum.<\/p>\t\t\t\t<\/div>\n\t\t\t\t<\/div>\n\t\t<div class=\"elementor-element elementor-element-877cc44 e-con-full e-flex no no e-con e-child\" data-id=\"877cc44\" data-element_type=\"container\">\n\t\t\t\t<div class=\"elementor-element elementor-element-7a229ff elementor-widget elementor-widget-ms-button\" data-id=\"7a229ff\" data-element_type=\"widget\" data-widget_type=\"ms-button.default\">\n\t\t\t\t<div class=\"elementor-widget-container\">\n\t\t\t\t\t\r\n\r\n\t\t<a class=\"btn btn-default btn--md btn--contrast\" role=\"button\" href=\"https:\/\/wa.me\/905375158557\">\r\n\r\n\t\t\t\r\n\t\t\t<div class=\"ms-btn__text\">\u0130leti\u015fime Ge\u00e7in<\/div>\r\n\r\n\r\n\t\t\t\r\n\t\t<\/a>\r\n\r\n\t\t\t\t\t\t<\/div>\n\t\t\t\t<\/div>\n\t\t\t\t<div class=\"elementor-element elementor-element-9beddec elementor-widget elementor-widget-ms-button\" data-id=\"9beddec\" data-element_type=\"widget\" data-widget_type=\"ms-button.default\">\n\t\t\t\t<div class=\"elementor-widget-container\">\n\t\t\t\t\t\r\n\r\n\t\t<a class=\"btn btn-default btn--md btn--subtle\" role=\"button\" href=\"\/tr\/hakkimda\/\">\r\n\r\n\t\t\t\r\n\t\t\t<div class=\"ms-btn__text\">Hakk\u0131mda<\/div>\r\n\r\n\r\n\t\t\t\r\n\t\t<\/a>\r\n\r\n\t\t\t\t\t\t<\/div>\n\t\t\t\t<\/div>\n\t\t\t\t<\/div>\n\t\t\t\t<\/div>\n\t\t<div class=\"elementor-element elementor-element-67704be e-flex e-con-boxed no no e-con e-parent\" data-id=\"67704be\" data-element_type=\"container\">\n\t\t\t\t\t<div class=\"e-con-inner\">\n\t\t\t\t<div class=\"elementor-element elementor-element-33008c7 elementor-widget elementor-widget-ms_projects\" data-id=\"33008c7\" data-element_type=\"widget\" data-widget_type=\"ms_projects.default\">\n\t\t\t\t<div class=\"elementor-widget-container\">\n\t\t\t\t\t\r\n\t\t<div class=\"portfolio_wrap\" id=\"33008c7\" data-filter=\"s_2\" data-type=\"grid\" data-pagination=\"on\" >\r\n\r\n            \r\n                                            <div class=\"subnav\">\r\n                                <div class=\"subnav__container\">\r\n                                    <div class=\"filter-nav filter-nav--expanded js-filter-nav\">\r\n                                    <button class=\"reset btn--subtle is-hidden js-filter-nav__control\" aria-label=\"Select a filter option\" aria-controls=\"filter-nav\">\r\n                                        <span class=\"js-filter-nav__placeholder\" aria-hidden=\"true\">All<\/span>\r\n                                        <svg class=\"icon icon--xxs margin-left-xxs\" aria-hidden=\"true\" viewbox=\"0 0 12 12\"><polyline points=\"0.5 3.5 6 9.5 11.5 3.5\" fill=\"none\" stroke-width=\"1\" stroke=\"currentColor\" stroke-linecap=\"round\" stroke-linejoin=\"round\"><\/polyline><\/svg>\r\n                                    <\/button>\r\n                                    <div class=\"filter-nav__wrapper js-filter-nav__wrapper\" id=\"filter-nav\">\r\n                                    <nav class=\"filter-nav__nav js-filter-nav__nav\">\r\n                                        <ul class=\"filtr-btn filter-nav__list js-filter-nav__list\">\r\n                                                                                            <li class=\"filter-nav__item subnav__link active\" data-filter=\"\">\r\n                                                    <button class=\"reset filter-nav__btn js-filter-nav__btn js-tab-focus\" aria-current=\"true\" >\r\n                                                        B\u00fct\u00fcn Kategoriler                                                                                                            <\/button>\r\n                                                <\/li>\r\n                                                \r\n                                                                                                                                                <li class=\"filter-nav__item subnav__link\" data-filter=\"fotograf\">\r\n                                                        <button class=\"reset filter-nav__btn js-filter-nav__btn js-tab-focus\" >\r\n                                                            Foto\u011fraf                                                                                                                    <\/button>\r\n                                                    <\/li>\r\n                                                                                                                                                                                                <li class=\"filter-nav__item subnav__link\" data-filter=\"sosyal-medya\">\r\n                                                        <button class=\"reset filter-nav__btn js-filter-nav__btn js-tab-focus\" >\r\n                                                            Sosyal Medya                                                                                                                    <\/button>\r\n                                                    <\/li>\r\n                                                                                                                                                                                                <li class=\"filter-nav__item subnav__link\" data-filter=\"web-app\">\r\n                                                        <button class=\"reset filter-nav__btn js-filter-nav__btn js-tab-focus\" >\r\n                                                            Web App                                                                                                                    <\/button>\r\n                                                    <\/li>\r\n                                                                                                                                                                                                <li class=\"filter-nav__item subnav__link\" data-filter=\"website\">\r\n                                                        <button class=\"reset filter-nav__btn js-filter-nav__btn js-tab-focus\" >\r\n                                                            Website                                                                                                                    <\/button>\r\n                                                    <\/li>\r\n                                                                                                                                        <li class=\"filter-nav__marker js-filter-nav__marker\" aria-hidden=\"true\"><\/li>\r\n                                        <\/ul>\r\n                                    <button class=\"reset filter-nav__close-btn is-hidden js-filter-nav__close-btn js-tab-focus\" aria-label=\"Close navigation\">\r\n                                        <svg class=\"icon\" viewbox=\"0 0 14 14\" aria-hidden=\"true\"><g stroke-width=\"1\" stroke=\"currentColor\" fill=\"none\" stroke-linecap=\"round\" stroke-linejoin=\"round\" stroke-miterlimit=\"10\"><line x1=\"13.5\" y1=\"2.5\" x2=\"2.5\" y2=\"13.5\"><\/line><line x1=\"2.5\" y1=\"2.5\" x2=\"13.5\" y2=\"13.5\"><\/line><\/g><\/svg>\r\n                                    <\/button>\r\n                                    <\/nav>\r\n                                <\/div>\r\n                                    <\/div>\r\n                                <\/div>\r\n                            <\/div>\r\n                                                            \r\n                <div class=\"loader_wrap\">                                   \r\n                    <span class=\"load_filter\">\r\n                        <svg class=\"load-filter-icon\"  viewbox=\"0 0 800 800\">\r\n                            <circle class=\"spin2\" cx=\"400\" cy=\"400\" fill=\"none\" r=\"200\" stroke-width=\"50\" stroke-dasharray=\"563 1400\" stroke-linecap=\"round\" \/>\r\n                        <\/svg>\r\n                    <\/span>\r\n                <\/div>\r\n\r\n                <div class=\"portfolio-feed ms-p--d row\"  >\r\n\r\n                    \r\n                        \r\n                        \r\n                            <div class=\"below grid-item-p custom-ratio col-md-4 post-7795 portfolios type-portfolios status-publish has-post-thumbnail hentry portfolios_categories-website\">\r\n\r\n                                <div class=\"item--inner\">\r\n\r\n                                    <a href=\"https:\/\/akintutkan.com\/tr\/tek-diamond\/\" aria-label=\"Tek Diamond\">\r\n\r\n                                        \r\n                                                                                            <figure class=\"ms-p-img cursor-none\" >\r\n                                                    <img decoding=\"async\"  src=\"https:\/\/akintutkan.com\/wp-content\/uploads\/2026\/01\/Adsiz-tasarim-2026-01-29T220457.820.webp\" alt=\"Tek Diamond\">\r\n                                                <\/figure>\r\n                                            \r\n                                        \r\n                                        <div class=\"ms-p-content justify-top\">\r\n                                            <div class=\"ms-p-content__inner right\">\r\n                                                <h3>Tek Diamond<\/h3>\r\n                                                                                                    <span class=\"ms-p-cat\">Website<\/span>\r\n                                                                                            <\/div>\r\n                                        <\/div>\r\n                                        \r\n                                    <\/a>\r\n\r\n                                <\/div>\r\n\r\n                            <\/div>\r\n\r\n                        \r\n                            <div class=\"below grid-item-p custom-ratio col-md-4 post-261 portfolios type-portfolios status-publish has-post-thumbnail hentry portfolios_categories-web-app\">\r\n\r\n                                <div class=\"item--inner\">\r\n\r\n                                    <a href=\"https:\/\/akintutkan.com\/tr\/jet-grafik\/\" aria-label=\"Jet Grafik\">\r\n\r\n                                        \r\n                                                                                            <figure class=\"ms-p-img cursor-none\" >\r\n                                                    <img decoding=\"async\"  src=\"https:\/\/akintutkan.com\/wp-content\/uploads\/2024\/12\/Adsiz-tasarim-2025-12-25T224946.275.webp\" alt=\"Jet Grafik\">\r\n                                                <\/figure>\r\n                                            \r\n                                        \r\n                                        <div class=\"ms-p-content justify-top\">\r\n                                            <div class=\"ms-p-content__inner right\">\r\n                                                <h3>Jet Grafik<\/h3>\r\n                                                                                                    <span class=\"ms-p-cat\">Web App<\/span>\r\n                                                                                            <\/div>\r\n                                        <\/div>\r\n                                        \r\n                                    <\/a>\r\n\r\n                                <\/div>\r\n\r\n                            <\/div>\r\n\r\n                        \r\n                            <div class=\"below grid-item-p custom-ratio col-md-4 post-260 portfolios type-portfolios status-publish has-post-thumbnail hentry portfolios_categories-sosyal-medya\">\r\n\r\n                                <div class=\"item--inner\">\r\n\r\n                                    <a href=\"https:\/\/akintutkan.com\/tr\/espumoso-kahve\/\" aria-label=\"Espumoso Kahve\">\r\n\r\n                                        \r\n                                                                                            <figure class=\"ms-p-img cursor-none\" >\r\n                                                    <img decoding=\"async\"  src=\"https:\/\/akintutkan.com\/wp-content\/uploads\/2024\/12\/Adsiz-tasarim-2025-12-25T225130.373.webp\" alt=\"Espumoso Kahve\">\r\n                                                <\/figure>\r\n                                            \r\n                                        \r\n                                        <div class=\"ms-p-content justify-top\">\r\n                                            <div class=\"ms-p-content__inner right\">\r\n                                                <h3>Espumoso Kahve<\/h3>\r\n                                                                                                    <span class=\"ms-p-cat\">Sosyal Medya<\/span>\r\n                                                                                            <\/div>\r\n                                        <\/div>\r\n                                        \r\n                                    <\/a>\r\n\r\n                                <\/div>\r\n\r\n                            <\/div>\r\n\r\n                        \r\n                            <div class=\"below grid-item-p custom-ratio col-md-4 post-259 portfolios type-portfolios status-publish has-post-thumbnail hentry portfolios_categories-website\">\r\n\r\n                                <div class=\"item--inner\">\r\n\r\n                                    <a href=\"https:\/\/akintutkan.com\/tr\/workupworld\/\" aria-label=\"WorkUpWorld\">\r\n\r\n                                        \r\n                                                                                            <figure class=\"ms-p-img cursor-none\" >\r\n                                                    <img decoding=\"async\"  src=\"https:\/\/akintutkan.com\/wp-content\/uploads\/2024\/12\/Adsiz-tasarim-2025-12-25T224856.872.webp\" alt=\"WorkUpWorld\">\r\n                                                <\/figure>\r\n                                            \r\n                                        \r\n                                        <div class=\"ms-p-content justify-top\">\r\n                                            <div class=\"ms-p-content__inner right\">\r\n                                                <h3>WorkUpWorld<\/h3>\r\n                                                                                                    <span class=\"ms-p-cat\">Website<\/span>\r\n                                                                                            <\/div>\r\n                                        <\/div>\r\n                                        \r\n                                    <\/a>\r\n\r\n                                <\/div>\r\n\r\n                            <\/div>\r\n\r\n                        \r\n                            <div class=\"below grid-item-p custom-ratio col-md-4 post-258 portfolios type-portfolios status-publish has-post-thumbnail hentry portfolios_categories-fotograf\">\r\n\r\n                                <div class=\"item--inner\">\r\n\r\n                                    <a href=\"https:\/\/akintutkan.com\/tr\/espumoso\/\" aria-label=\"Espumoso\">\r\n\r\n                                        \r\n                                                                                            <figure class=\"ms-p-img cursor-none\" >\r\n                                                    <img decoding=\"async\"  src=\"https:\/\/akintutkan.com\/wp-content\/uploads\/2024\/12\/Adsiz-tasarim-2025-12-25T225130.373.webp\" alt=\"Espumoso\">\r\n                                                <\/figure>\r\n                                            \r\n                                        \r\n                                        <div class=\"ms-p-content justify-top\">\r\n                                            <div class=\"ms-p-content__inner right\">\r\n                                                <h3>Espumoso<\/h3>\r\n                                                                                                    <span class=\"ms-p-cat\">Foto\u011fraf<\/span>\r\n                                                                                            <\/div>\r\n                                        <\/div>\r\n                                        \r\n                                    <\/a>\r\n\r\n                                <\/div>\r\n\r\n                            <\/div>\r\n\r\n                        \r\n                            <div class=\"below grid-item-p custom-ratio col-md-4 post-257 portfolios type-portfolios status-publish has-post-thumbnail hentry portfolios_categories-web-app\">\r\n\r\n                                <div class=\"item--inner\">\r\n\r\n                                    <a href=\"https:\/\/akintutkan.com\/tr\/workgency\/\" aria-label=\"Workgency\">\r\n\r\n                                        \r\n                                                                                            <figure class=\"ms-p-img cursor-none\" >\r\n                                                    <img decoding=\"async\"  src=\"https:\/\/akintutkan.com\/wp-content\/uploads\/2024\/12\/Adsiz-tasarim-2025-12-25T224813.988.webp\" alt=\"Workgency\">\r\n                                                <\/figure>\r\n                                            \r\n                                        \r\n                                        <div class=\"ms-p-content justify-top\">\r\n                                            <div class=\"ms-p-content__inner right\">\r\n                                                <h3>Workgency<\/h3>\r\n                                                                                                    <span class=\"ms-p-cat\">Web App<\/span>\r\n                                                                                            <\/div>\r\n                                        <\/div>\r\n                                        \r\n                                    <\/a>\r\n\r\n                                <\/div>\r\n\r\n                            <\/div>\r\n\r\n                        \r\n                            <div class=\"below grid-item-p custom-ratio col-md-4 post-255 portfolios type-portfolios status-publish has-post-thumbnail hentry portfolios_categories-website\">\r\n\r\n                                <div class=\"item--inner\">\r\n\r\n                                    <a href=\"https:\/\/akintutkan.com\/tr\/dyt-ece-ercan\/\" aria-label=\"Dyt. Ece Ercan\">\r\n\r\n                                        \r\n                                                                                            <figure class=\"ms-p-img cursor-none\" >\r\n                                                    <img decoding=\"async\"  src=\"https:\/\/akintutkan.com\/wp-content\/uploads\/2024\/12\/Adsiz-tasarim-2025-12-25T224742.913.webp\" alt=\"Dyt. Ece Ercan\">\r\n                                                <\/figure>\r\n                                            \r\n                                        \r\n                                        <div class=\"ms-p-content justify-top\">\r\n                                            <div class=\"ms-p-content__inner right\">\r\n                                                <h3>Dyt. Ece Ercan<\/h3>\r\n                                                                                                    <span class=\"ms-p-cat\">Website<\/span>\r\n                                                                                            <\/div>\r\n                                        <\/div>\r\n                                        \r\n                                    <\/a>\r\n\r\n                                <\/div>\r\n\r\n                            <\/div>\r\n\r\n                        \r\n                            <div class=\"below grid-item-p custom-ratio col-md-4 post-614 portfolios type-portfolios status-publish has-post-thumbnail hentry portfolios_categories-website\">\r\n\r\n                                <div class=\"item--inner\">\r\n\r\n                                    <a href=\"https:\/\/akintutkan.com\/tr\/firari-tavuk\/\" aria-label=\"Firari Tavuk\">\r\n\r\n                                        \r\n                                                                                            <figure class=\"ms-p-img cursor-none\" >\r\n                                                    <img decoding=\"async\"  src=\"https:\/\/akintutkan.com\/wp-content\/uploads\/2024\/12\/Adsiz-tasarim-2025-12-25T225059.489.webp\" alt=\"Firari Tavuk\">\r\n                                                <\/figure>\r\n                                            \r\n                                        \r\n                                        <div class=\"ms-p-content justify-top\">\r\n                                            <div class=\"ms-p-content__inner right\">\r\n                                                <h3>Firari Tavuk<\/h3>\r\n                                                                                                    <span class=\"ms-p-cat\">Website<\/span>\r\n                                                                                            <\/div>\r\n                                        <\/div>\r\n                                        \r\n                                    <\/a>\r\n\r\n                                <\/div>\r\n\r\n                            <\/div>\r\n\r\n                                                <div class=\"grid-sizer col-md-4\"><\/div>\r\n                        \r\n                        \r\n                    \r\n                <\/div>\r\n\r\n                \r\n                                                    \r\n            \r\n        \t\t<\/div>\r\n\r\n\t\t\t\t\t\t<\/div>\n\t\t\t\t<\/div>\n\t\t\t\t\t<\/div>\n\t\t\t\t<\/div>\n\t\t\t\t<\/div>","protected":false},"excerpt":{"rendered":"<p>Markan\u0131z \u0130\u00e7in H\u0131zl\u0131 Web ve G\u00fc\u00e7l\u00fc Dijital Vitrin Markan\u0131 dijitalde b\u00fcy\u00fctmek i\u00e7in web, e-ticaret ve i\u00e7erik taraf\u0131n\u0131 birlikte, d\u00fczenli ve s\u00fcrd\u00fcr\u00fclebilir \u015fekilde y\u00f6netiyorum. \u0130leti\u015fime [&hellip;]<\/p>","protected":false},"author":1,"featured_media":0,"parent":0,"menu_order":0,"comment_status":"closed","ping_status":"closed","template":"page-custom.php","meta":{"_acf_changed":false,"footnotes":""},"class_list":["post-1234","page","type-page","status-publish","hentry"],"acf":{"choi\u0441e_menu_page":"custom_menu_page","full_width":true,"header_transparent":true,"header_white":false,"menu_align_page":"center","menu_style":"fixed"},"_links":{"self":[{"href":"https:\/\/akintutkan.com\/tr\/wp-json\/wp\/v2\/pages\/1234","targetHints":{"allow":["GET"]}}],"collection":[{"href":"https:\/\/akintutkan.com\/tr\/wp-json\/wp\/v2\/pages"}],"about":[{"href":"https:\/\/akintutkan.com\/tr\/wp-json\/wp\/v2\/types\/page"}],"author":[{"embeddable":true,"href":"https:\/\/akintutkan.com\/tr\/wp-json\/wp\/v2\/users\/1"}],"replies":[{"embeddable":true,"href":"https:\/\/akintutkan.com\/tr\/wp-json\/wp\/v2\/comments?post=1234"}],"version-history":[{"count":12,"href":"https:\/\/akintutkan.com\/tr\/wp-json\/wp\/v2\/pages\/1234\/revisions"}],"predecessor-version":[{"id":7730,"href":"https:\/\/akintutkan.com\/tr\/wp-json\/wp\/v2\/pages\/1234\/revisions\/7730"}],"wp:attachment":[{"href":"https:\/\/akintutkan.com\/tr\/wp-json\/wp\/v2\/media?parent=1234"}],"curies":[{"name":"wp","href":"https:\/\/api.w.org\/{rel}","templated":true}]}}