{"id":4727,"date":"2025-02-27T08:15:45","date_gmt":"2025-02-27T08:15:45","guid":{"rendered":"https:\/\/theme.madsparrow.me\/fanky\/?page_id=4727"},"modified":"2025-12-22T21:54:19","modified_gmt":"2025-12-22T18:54:19","slug":"iletisim","status":"publish","type":"page","link":"https:\/\/akintutkan.com\/tr\/iletisim\/","title":{"rendered":"\u0130leti\u015fim"},"content":{"rendered":"<div data-elementor-type=\"wp-page\" data-elementor-id=\"4727\" class=\"elementor elementor-4727\">\n\t\t\t\t<div class=\"elementor-element elementor-element-6e8d288 e-con-full e-flex no no e-con e-parent\" data-id=\"6e8d288\" data-element_type=\"container\">\n\t\t<div class=\"elementor-element elementor-element-f04b131 e-con-full e-flex no no e-con e-child\" data-id=\"f04b131\" data-element_type=\"container\">\n\t\t\t\t<div class=\"elementor-element elementor-element-a8b1823 no elementor-widget elementor-widget-ms_image\" data-id=\"a8b1823\" data-element_type=\"widget\" data-widget_type=\"ms_image.default\">\n\t\t\t\t<div class=\"elementor-widget-container\">\n\t\t\t\t\t\r\n        \r\n        <div class=\"ms-image-widget\">\r\n\r\n                                    <div class='image_inner'>\r\n                <img fetchpriority=\"high\" decoding=\"async\" width=\"1200\" height=\"933\" src=\"https:\/\/akintutkan.com\/wp-content\/uploads\/2025\/02\/Modern-Collaborative-Workspace.webp\" class=\"attachment-full size-full wp-image-4749\" alt=\"\" srcset=\"https:\/\/akintutkan.com\/wp-content\/uploads\/2025\/02\/Modern-Collaborative-Workspace.webp 1200w, https:\/\/akintutkan.com\/wp-content\/uploads\/2025\/02\/Modern-Collaborative-Workspace-700x544.webp 700w\" sizes=\"(max-width: 1200px) 100vw, 1200px\" \/>            <\/div>\r\n                                            <\/div>\r\n\r\n\t\t\t\t\t\t<\/div>\n\t\t\t\t<\/div>\n\t\t\t\t<\/div>\n\t\t<div class=\"elementor-element elementor-element-74a7fbd e-con-full e-flex no no e-con e-child\" data-id=\"74a7fbd\" data-element_type=\"container\">\n\t\t\t\t<div class=\"elementor-element elementor-element-b4f425c elementor-widget elementor-widget-google_maps\" data-id=\"b4f425c\" data-element_type=\"widget\" data-widget_type=\"google_maps.default\">\n\t\t\t\t\t\t\t<div class=\"elementor-custom-embed\">\n\t\t\t<iframe loading=\"lazy\"\n\t\t\t\t\tsrc=\"https:\/\/maps.google.com\/maps?q=%C4%B0stanbul%20fatih&#038;t=m&#038;z=11&#038;output=embed&#038;iwloc=near\"\n\t\t\t\t\ttitle=\"\u0130stanbul fatih\"\n\t\t\t\t\taria-label=\"\u0130stanbul fatih\"\n\t\t\t><\/iframe>\n\t\t<\/div>\n\t\t\t\t\t\t<\/div>\n\t\t\t\t<\/div>\n\t\t\t\t<\/div>\n\t\t<div class=\"elementor-element elementor-element-2dfc7e8 e-flex e-con-boxed no no e-con e-parent\" data-id=\"2dfc7e8\" data-element_type=\"container\">\n\t\t\t\t\t<div class=\"e-con-inner\">\n\t\t<div class=\"elementor-element elementor-element-30e6540 e-con-full e-flex no no e-con e-child\" data-id=\"30e6540\" data-element_type=\"container\">\n\t\t<div class=\"elementor-element elementor-element-77efd3b e-con-full e-flex no no e-con e-child\" data-id=\"77efd3b\" data-element_type=\"container\">\n\t\t\t\t<div class=\"elementor-element elementor-element-e989883 elementor-widget elementor-widget-heading\" data-id=\"e989883\" data-element_type=\"widget\" data-widget_type=\"heading.default\">\n\t\t\t\t\t<h2 class=\"elementor-heading-title elementor-size-default\">Telefon:<\/h2>\t\t\t\t<\/div>\n\t\t\t\t<div class=\"elementor-element elementor-element-bf20e0a elementor-widget elementor-widget-heading\" data-id=\"bf20e0a\" data-element_type=\"widget\" data-widget_type=\"heading.default\">\n\t\t\t\t\t<p class=\"elementor-heading-title elementor-size-default\">+90 (537) 515-8557<br>\n<\/p>\t\t\t\t<\/div>\n\t\t\t\t<\/div>\n\t\t<div class=\"elementor-element elementor-element-b666b97 e-con-full e-flex no no e-con e-child\" data-id=\"b666b97\" data-element_type=\"container\">\n\t\t\t\t<div class=\"elementor-element elementor-element-84b6b83 elementor-widget elementor-widget-heading\" data-id=\"84b6b83\" data-element_type=\"widget\" data-widget_type=\"heading.default\">\n\t\t\t\t\t<h2 class=\"elementor-heading-title elementor-size-default\">E-mail:<\/h2>\t\t\t\t<\/div>\n\t\t\t\t<div class=\"elementor-element elementor-element-bb4d5fd elementor-widget elementor-widget-heading\" data-id=\"bb4d5fd\" data-element_type=\"widget\" data-widget_type=\"heading.default\">\n\t\t\t\t\t<p class=\"elementor-heading-title elementor-size-default\">akin.tutkan@gmail.com<\/p>\t\t\t\t<\/div>\n\t\t\t\t<\/div>\n\t\t<div class=\"elementor-element elementor-element-4bcaf88 e-con-full e-flex no no e-con e-child\" data-id=\"4bcaf88\" data-element_type=\"container\">\n\t\t\t\t<div class=\"elementor-element elementor-element-9fa754a elementor-widget elementor-widget-heading\" data-id=\"9fa754a\" data-element_type=\"widget\" data-widget_type=\"heading.default\">\n\t\t\t\t\t<h2 class=\"elementor-heading-title elementor-size-default\">Sosyal A\u011flar:<\/h2>\t\t\t\t<\/div>\n\t\t\t\t<div class=\"elementor-element elementor-element-5bc75ca elementor-widget elementor-widget-ms-social-icons\" data-id=\"5bc75ca\" data-element_type=\"widget\" data-widget_type=\"ms-social-icons.default\">\n\t\t\t\t<div class=\"elementor-widget-container\">\n\t\t\t\t\t        <div class=\"ms-s-w\">\r\n                    <a class=\"ms-s-i s-icon\" href=\"https:\/\/www.instagram.com\/akintutkan\/\"><i class=\"fa-brands fa-instagram\"><\/i><\/a>\r\n                    <a class=\"ms-s-i s-icon\" href=\"https:\/\/x.com\/Akintutkan\"><i class=\"fa-brands fa-x-twitter\"><\/i><\/a>\r\n                    <a class=\"ms-s-i s-icon\" href=\"https:\/\/www.linkedin.com\/in\/ahmet-akin-tutkan\/\"><i class=\"fa-brands fa-linkedin-in\"><\/i><\/a>\r\n                <\/div>\r\n    \t\t\t\t<\/div>\n\t\t\t\t<\/div>\n\t\t\t\t<\/div>\n\t\t\t\t<\/div>\n\t\t<div class=\"elementor-element elementor-element-3693c65 e-con-full e-flex no no e-con e-child\" data-id=\"3693c65\" data-element_type=\"container\">\n\t\t\t\t<div class=\"elementor-element elementor-element-c6d2f65 elementor-widget-tablet__width-initial elementor-widget elementor-widget-heading\" data-id=\"c6d2f65\" data-element_type=\"widget\" data-widget_type=\"heading.default\">\n\t\t\t\t\t<h2 class=\"elementor-heading-title elementor-size-default\">\u0130leti\u015fim<\/h2>\t\t\t\t<\/div>\n\t\t\t\t<div class=\"elementor-element elementor-element-55309e2 elementor-widget elementor-widget-text-editor\" data-id=\"55309e2\" data-element_type=\"widget\" data-widget_type=\"text-editor.default\">\n\t\t\t\t\t\t\t\t\t<p>\u00a0Akl\u0131n\u0131zda bir proje varsa, fiyat teklifi istiyorsan\u0131z veya sadece merhaba demek istiyorsan\u0131z, \u00e7ekinmeden bana ula\u015f\u0131n. A\u015fa\u011f\u0131daki formu doldurun veya ileti\u015fim bilgilerimi kullanarak benimle ileti\u015fime ge\u00e7in.<\/p>\t\t\t\t\t\t\t\t<\/div>\n\t\t\t\t<div class=\"elementor-element elementor-element-4def2f7 elementor-widget elementor-widget-ms-contact-form-7\" data-id=\"4def2f7\" data-element_type=\"widget\" data-widget_type=\"ms-contact-form-7.default\">\n\t\t\t\t<div class=\"elementor-widget-container\">\n\t\t\t\t\t\r\n        <div class=\"ms-contact-form-7 left  style_1\">\r\n\r\n            \n<div class=\"wpcf7 no-js\" id=\"wpcf7-f54-o1\" lang=\"en-US\" dir=\"ltr\" data-wpcf7-id=\"54\">\n<div class=\"screen-reader-response\"><p role=\"status\" aria-live=\"polite\" aria-atomic=\"true\"><\/p> <ul><\/ul><\/div>\n<form action=\"\/tr\/wp-json\/wp\/v2\/pages\/4727#wpcf7-f54-o1\" method=\"post\" class=\"wpcf7-form init demo\" aria-label=\"Contact form\" novalidate=\"novalidate\" data-status=\"init\" data-trp-original-action=\"\/tr\/wp-json\/wp\/v2\/pages\/4727#wpcf7-f54-o1\">\n<fieldset class=\"hidden-fields-container\"><input type=\"hidden\" name=\"_wpcf7\" value=\"54\" \/><input type=\"hidden\" name=\"_wpcf7_version\" value=\"6.1.4\" \/><input type=\"hidden\" name=\"_wpcf7_locale\" value=\"en_US\" \/><input type=\"hidden\" name=\"_wpcf7_unit_tag\" value=\"wpcf7-f54-o1\" \/><input type=\"hidden\" name=\"_wpcf7_container_post\" value=\"0\" \/><input type=\"hidden\" name=\"_wpcf7_posted_data_hash\" value=\"\" \/><input type=\"hidden\" name=\"_wpcf7_recaptcha_response\" value=\"\" \/>\n<\/fieldset>\n<div class=\"row\">\n<div class=\"form-group col-6\">\n    <span class=\"wpcf7-form-control-wrap\" data-name=\"your-name\"><input size=\"40\" maxlength=\"400\" class=\"wpcf7-form-control wpcf7-text wpcf7-validates-as-required form-control\" aria-required=\"true\" aria-invalid=\"false\" placeholder=\"\u0130sim Soyisim\" value=\"\" type=\"text\" name=\"your-name\" \/><\/span>\n<\/div>\n<div class=\"form-group col-6\">\n    <span class=\"wpcf7-form-control-wrap\" data-name=\"your-email\"><input size=\"40\" maxlength=\"400\" class=\"wpcf7-form-control wpcf7-email wpcf7-validates-as-required wpcf7-text wpcf7-validates-as-email form-control\" aria-required=\"true\" aria-invalid=\"false\" placeholder=\"Mail\" value=\"\" type=\"email\" name=\"your-email\" \/><\/span>\n<\/div>\n<div class=\"form-group col-12\">\n    <span class=\"wpcf7-form-control-wrap\" data-name=\"your-subject\"><input size=\"40\" maxlength=\"400\" class=\"wpcf7-form-control wpcf7-text form-control\" aria-invalid=\"false\" placeholder=\"Konu\" value=\"\" type=\"text\" name=\"your-subject\" \/><\/span>\n<\/div>\n<div class=\"form-group col-12\">\n    <span class=\"wpcf7-form-control-wrap\" data-name=\"message\"><textarea cols=\"40\" rows=\"10\" maxlength=\"2000\" class=\"wpcf7-form-control wpcf7-textarea form-control\" aria-invalid=\"false\" placeholder=\"Mesaj\u0131n\u0131z\" name=\"message\"><\/textarea><\/span>\n<\/div>\n\n<div class=\"ms-cf--bottom\">\n<div class=\"form-quiz\"><span class=\"wpcf7-form-control-wrap\" data-name=\"quiz-950\"><label><span class=\"wpcf7-quiz-label\">12+48=<\/span> <input size=\"40\" class=\"wpcf7-form-control wpcf7-quiz form-control\" autocomplete=\"off\" aria-required=\"true\" aria-invalid=\"false\" type=\"text\" name=\"quiz-950\" \/><\/label><input type=\"hidden\" name=\"_wpcf7_quiz_answer_quiz-950\" value=\"13e490e4b0dff2127e51695c96250ea4\" \/><\/span><\/div>\n<div class=\"wpcf7-btn\"><input class=\"wpcf7-form-control wpcf7-submit has-spinner wpcf7-btn\" type=\"submit\" value=\"Send\" \/>\n<div class=\"btn-wrap\">\n<div class=\"f-btn-l\">\n<svg width=\"254\" height=\"392\" viewbox=\"0 0 254 392\" fill=\"none\" xmlns=\"http:\/\/www.w3.org\/2000\/svg\">\n<path d=\"M0 57.647C0 25.8095 25.8095 0 57.647 0C89.4846 0 115.294 25.8095 115.294 57.647C115.294 89.4846 89.4846 115.294 57.647 115.294C25.8095 115.294 0 89.4846 0 57.647Z\" fill=\"#121212\"\/>\n<path d=\"M138.353 196C138.353 164.163 164.163 138.353 196 138.353C227.838 138.353 253.647 164.163 253.647 196C253.647 227.838 227.838 253.647 196 253.647C164.163 253.647 138.353 227.838 138.353 196Z\" fill=\"#121212\"\/>\n<path d=\"M0 334.353C0 302.516 25.8095 276.706 57.647 276.706C89.4846 276.706 115.294 302.516 115.294 334.353C115.294 366.191 89.4846 392 57.647 392C25.8095 392 0 366.191 0 334.353Z\" fill=\"#121212\"\/>\n<\/svg>\n<\/div>\n<div class=\"f-btn-r\">\n<span>G\u00f6nder<\/span>\n<div class=\"btn-r_icon\">\n<svg width=\"254\" height=\"392\" viewbox=\"0 0 254 392\" fill=\"none\" xmlns=\"http:\/\/www.w3.org\/2000\/svg\">\n<path d=\"M0 57.647C0 25.8095 25.8095 0 57.647 0C89.4846 0 115.294 25.8095 115.294 57.647C115.294 89.4846 89.4846 115.294 57.647 115.294C25.8095 115.294 0 89.4846 0 57.647Z\" fill=\"#121212\"\/>\n<path d=\"M138.353 196C138.353 164.163 164.163 138.353 196 138.353C227.838 138.353 253.647 164.163 253.647 196C253.647 227.838 227.838 253.647 196 253.647C164.163 253.647 138.353 227.838 138.353 196Z\" fill=\"#121212\"\/>\n<path d=\"M0 334.353C0 302.516 25.8095 276.706 57.647 276.706C89.4846 276.706 115.294 302.516 115.294 334.353C115.294 366.191 89.4846 392 57.647 392C25.8095 392 0 366.191 0 334.353Z\" fill=\"#121212\"\/>\n<\/svg>\n<\/div>\n<\/div>\n<\/div><\/div><\/div>\n<\/div><div class=\"wpcf7-response-output\" aria-hidden=\"true\"><\/div>\n<input type=\"hidden\" name=\"trp-form-language\" value=\"tr\"\/><\/form>\n<\/div>\n\r\n        <\/div>\r\n\r\n        \t\t\t\t<\/div>\n\t\t\t\t<\/div>\n\t\t\t\t<\/div>\n\t\t\t\t\t<\/div>\n\t\t\t\t<\/div>\n\t\t\t\t<\/div>","protected":false},"excerpt":{"rendered":"<p>Telefon: +90 (537) 515-8557 E-mail: akin.tutkan@gmail.com Sosyal A\u011flar: \u0130leti\u015fim \u00a0Akl\u0131n\u0131zda bir proje varsa, fiyat teklifi istiyorsan\u0131z veya sadece merhaba demek istiyorsan\u0131z, \u00e7ekinmeden bana ula\u015f\u0131n. [&hellip;]<\/p>","protected":false},"author":1,"featured_media":0,"parent":0,"menu_order":0,"comment_status":"closed","ping_status":"closed","template":"page-custom.php","meta":{"_acf_changed":false,"footnotes":""},"class_list":["post-4727","page","type-page","status-publish","hentry"],"acf":{"choi\u0441e_menu_page":"global_settings","full_width":false,"header_transparent":false,"header_white":false,"menu_align_page":"default","menu_style":""},"_links":{"self":[{"href":"https:\/\/akintutkan.com\/tr\/wp-json\/wp\/v2\/pages\/4727","targetHints":{"allow":["GET"]}}],"collection":[{"href":"https:\/\/akintutkan.com\/tr\/wp-json\/wp\/v2\/pages"}],"about":[{"href":"https:\/\/akintutkan.com\/tr\/wp-json\/wp\/v2\/types\/page"}],"author":[{"embeddable":true,"href":"https:\/\/akintutkan.com\/tr\/wp-json\/wp\/v2\/users\/1"}],"replies":[{"embeddable":true,"href":"https:\/\/akintutkan.com\/tr\/wp-json\/wp\/v2\/comments?post=4727"}],"version-history":[{"count":8,"href":"https:\/\/akintutkan.com\/tr\/wp-json\/wp\/v2\/pages\/4727\/revisions"}],"predecessor-version":[{"id":7610,"href":"https:\/\/akintutkan.com\/tr\/wp-json\/wp\/v2\/pages\/4727\/revisions\/7610"}],"wp:attachment":[{"href":"https:\/\/akintutkan.com\/tr\/wp-json\/wp\/v2\/media?parent=4727"}],"curies":[{"name":"wp","href":"https:\/\/api.w.org\/{rel}","templated":true}]}}